{"id":26,"date":"2020-06-10T12:16:45","date_gmt":"2020-06-10T12:16:45","guid":{"rendered":"https:\/\/wexer.se\/?page_id=26"},"modified":"2026-05-13T08:53:35","modified_gmt":"2026-05-13T06:53:35","slug":"aktuellt","status":"publish","type":"page","link":"https:\/\/wexer.se\/en\/current\/","title":{"rendered":"Aktuellt &#8211; Ta del av v\u00e5ra senaste nyheter"},"content":{"rendered":"<p>[et_pb_section fb_built=&#8221;1&#8243; fullwidth=&#8221;on&#8221; _builder_version=&#8221;4.22.1&#8243; _module_preset=&#8221;default&#8221; background_color=&#8221;gcid-06b2a720-596c-4203-a90f-845fae658512&#8243; background_blend=&#8221;overlay&#8221; custom_padding=&#8221;0px||||false|false&#8221; global_colors_info=&#8221;{%22gcid-06b2a720-596c-4203-a90f-845fae658512%22:%91%22background_color%22%93}&#8221;][et_pb_fullwidth_post_slider posts_number=&#8221;3&#8243; use_manual_excerpt=&#8221;off&#8221; excerpt_length=&#8221;0&#8243; show_meta=&#8221;off&#8221; bg_overlay_color=&#8221;rgba(0,0,0,0.2)&#8221; module_id=&#8221;aktuellt-slider&#8221; module_class=&#8221;append-anchor&#8221; _builder_version=&#8221;4.27.6&#8243; _module_preset=&#8221;default&#8221; header_level=&#8221;h1&#8243; header_font=&#8221;HK Grotesk Bold|500|||||||&#8221; header_font_size=&#8221;73px&#8221; header_line_height=&#8221;1.1em&#8221; background_enable_color=&#8221;off&#8221; custom_button=&#8221;on&#8221; button_text_size=&#8221;14px&#8221; button_text_color=&#8221;#FFFFFF&#8221; button_bg_color=&#8221;gcid-cc250629-1aec-4b1f-93a4-54f8684f8354&#8243; button_border_width=&#8221;0px&#8221; button_border_color=&#8221;gcid-cc250629-1aec-4b1f-93a4-54f8684f8354&#8243; button_border_radius=&#8221;100px&#8221; button_letter_spacing=&#8221;1px&#8221; button_font=&#8221;HK Grotesk Medium|||on|||||&#8221; button_use_icon=&#8221;off&#8221; button_custom_margin=&#8221;30px||||false|false&#8221; button_custom_padding=&#8221;11px|41px|11px|41px|true|true&#8221; content_width=&#8221;100%&#8221; content_width_tablet=&#8221;&#8221; content_width_phone=&#8221;95%&#8221; content_width_last_edited=&#8221;on|phone&#8221; min_height=&#8221;100.1vh&#8221; height=&#8221;100.1vh&#8221; max_height=&#8221;100.1vh&#8221; custom_padding=&#8221;||||false|false&#8221; custom_padding_tablet=&#8221;||||false|false&#8221; custom_padding_phone=&#8221;||||false|false&#8221; custom_padding_last_edited=&#8221;on|phone&#8221; link_option_url=&#8221;#post-content&#8221; header_font_size_tablet=&#8221;45px&#8221; header_font_size_phone=&#8221;36px&#8221; header_font_size_last_edited=&#8221;on|tablet&#8221; custom_css_free_form=&#8221;.et_pb_fullwidth_slider_0, .et_pb_fullwidth_slider_0 .et_pb_slide {||  overflow-y: auto;||  min-height: 100vh;||}||||.et_pb_slide_description {||  padding: 0 !important;||}&#8221; custom_css_slide_title=&#8221;width: 850px;||max-width: 100%;||text-align: center;||margin: 0 auto;&#8221; global_colors_info=&#8221;{%22gcid-cc250629-1aec-4b1f-93a4-54f8684f8354%22:%91%22button_bg_color%22,%22button_border_color%22%93}&#8221; button_border_color__hover_enabled=&#8221;on|desktop&#8221; button_border_color__hover=&#8221;#ff7300&#8243; custom_css_slide_title_last_edited=&#8221;on|phone&#8221; custom_css_slide_title_tablet=&#8221;width: 850px;||max-width: 100%;||text-align: center;||margin: 0 auto;&#8221; custom_css_slide_title_phone=&#8221;width: 850px;||max-width: 100%;||text-align: center;||margin: 0 auto;||padding-left: 0;||padding-right: 0;&#8221;][\/et_pb_fullwidth_post_slider][\/et_pb_section][et_pb_section fb_built=&#8221;1&#8243; _builder_version=&#8221;4.16&#8243; _module_preset=&#8221;default&#8221; background_color=&#8221;gcid-3aba9e9f-6e51-43ca-9462-92f1174ccd87&#8243; background_enable_color=&#8221;off&#8221; custom_padding=&#8221;69px|||||&#8221; global_colors_info=&#8221;{%22gcid-3aba9e9f-6e51-43ca-9462-92f1174ccd87%22:%91%22background_color%22%93}&#8221;][et_pb_row _builder_version=&#8221;4.16&#8243; _module_preset=&#8221;default&#8221; width_tablet=&#8221;&#8221; width_phone=&#8221;90%&#8221; width_last_edited=&#8221;on|phone&#8221; custom_margin=&#8221;||0px||false|false&#8221; custom_margin_tablet=&#8221;&#8221; custom_margin_phone=&#8221;||40px||false|false&#8221; custom_margin_last_edited=&#8221;on|desktop&#8221; global_colors_info=&#8221;{}&#8221;][et_pb_column type=&#8221;4_4&#8243; _builder_version=&#8221;4.16&#8243; _module_preset=&#8221;default&#8221; global_colors_info=&#8221;{}&#8221;][et_pb_text _builder_version=&#8221;4.21.0&#8243; _module_preset=&#8221;default&#8221; header_font=&#8221;HK Grotesk Bold|500|||||||&#8221; header_text_color=&#8221;#0044b2&#8243; header_font_size=&#8221;64px&#8221; header_2_text_color=&#8221;gcid-06b2a720-596c-4203-a90f-845fae658512&#8243; header_2_font_size=&#8221;64px&#8221; header_2_font_size_tablet=&#8221;52px&#8221; header_2_font_size_phone=&#8221;45px&#8221; header_2_font_size_last_edited=&#8221;on|phone&#8221; global_colors_info=&#8221;{%22gcid-06b2a720-596c-4203-a90f-845fae658512%22:%91%93}&#8221;]<\/p>\n<h2>Aktuellt.<\/h2>\n<p>Ta del av v\u00e5ra senaste nyheter! F\u00f6lj oss och se vad som \u00e4r aktuellt.[\/et_pb_text][\/et_pb_column][\/et_pb_row][et_pb_row _builder_version=&#8221;4.9.4&#8243; _module_preset=&#8221;default&#8221; width_tablet=&#8221;&#8221; width_phone=&#8221;90%&#8221; width_last_edited=&#8221;on|phone&#8221; custom_margin_tablet=&#8221;||60px||false|false&#8221; custom_margin_phone=&#8221;||70px||false|false&#8221; custom_margin_last_edited=&#8221;on|phone&#8221; global_module=&#8221;6544&#8243; saved_tabs=&#8221;all&#8221; global_colors_info=&#8221;{}&#8221;][et_pb_column type=&#8221;4_4&#8243; _builder_version=&#8221;4.16&#8243; _module_preset=&#8221;default&#8221; global_colors_info=&#8221;{}&#8221;][et_pb_blog_extras posts_number=&#8221;21&#8243; include_categories=&#8221;1,97,56,101,75,51,95,53,93,55,50,96&#8243; blog_layout=&#8221;block_extended&#8221; meta_date=&#8221;j F Y&#8221; excerpt_length=&#8221;150&#8243; show_more=&#8221;off&#8221; show_author=&#8221;off&#8221; show_categories=&#8221;off&#8221; show_comments=&#8221;off&#8221; show_load_more=&#8221;on&#8221; filterable_category_background_color_tablet=&#8221;#F2F7F2&#8243; filterable_category_background_color_phone=&#8221;&#8221; filterable_category_background_color_last_edited=&#8221;on|tablet&#8221; _builder_version=&#8221;4.27.6&#8243; _module_preset=&#8221;default&#8221; filterable_category_font=&#8221;HK Grotesk Medium||||||||&#8221; filterable_category_text_color=&#8221;#0044b2&#8243; filterable_category_font_size=&#8221;20px&#8221; header_font=&#8221;HK Grotesk Bold||||||||&#8221; header_text_color=&#8221;#0044b2&#8243; header_font_size=&#8221;22px&#8221; header_line_height=&#8221;1.3em&#8221; body_text_color=&#8221;#000000&#8243; meta_font=&#8221;HK Grotesk Regular||||||||&#8221; meta_text_color=&#8221;#000000&#8243; meta_font_size=&#8221;18px&#8221; background_color=&#8221;#F2F7F2&#8243; custom_ajax_pagination=&#8221;on&#8221; ajax_pagination_text_size=&#8221;14px&#8221; ajax_pagination_text_color=&#8221;#FFFFFF&#8221; ajax_pagination_bg_color=&#8221;#ff7300&#8243; ajax_pagination_border_width=&#8221;0px&#8221; ajax_pagination_border_color=&#8221;#ff7300&#8243; ajax_pagination_border_radius=&#8221;100px&#8221; ajax_pagination_letter_spacing=&#8221;1px&#8221; ajax_pagination_font=&#8221;HK Grotesk Medium|||on|||||&#8221; ajax_pagination_custom_padding=&#8221;12px|40px|12px|40px|true|true&#8221; hover_enabled=&#8221;0&#8243; filterable_category_text_color_tablet=&#8221;#00255b&#8221; filterable_category_text_color_phone=&#8221;#00255b&#8221; filterable_category_text_color_last_edited=&#8221;on|phone&#8221; filterable_category_line_height_tablet=&#8221;&#8221; filterable_category_line_height_phone=&#8221;1.2em&#8221; filterable_category_line_height_last_edited=&#8221;on|phone&#8221; read_more_bg_color_tablet=&#8221;#FFFFFF&#8221; read_more_bg_color_phone=&#8221;#FFFFFF&#8221; read_more_bg_color_last_edited=&#8221;on|tablet&#8221; read_more_bg_enable_color_tablet=&#8221;on&#8221; read_more_bg_enable_color_phone=&#8221;on&#8221; custom_css_post_meta=&#8221;background-color: #ffffff;||padding: 5px 10px 5px 10px;||&#8221; border_radii=&#8221;on|10px|10px|10px|10px&#8221; border_style_all=&#8221;none&#8221; global_colors_info=&#8221;{%22gcid-06b2a720-596c-4203-a90f-845fae658512%22:%91%22filterable_category_text_color%22,%22header_text_color%22%93,%22gcid-cdef35a1-7b9f-41c4-be25-94c68d1f0eb7%22:%91%22category_background_color%22,%22filterable_category_text_color_tablet%22,%22filterable_category_text_color_phone%22%93,%22gcid-cc250629-1aec-4b1f-93a4-54f8684f8354%22:%91%22read_more_text_color%22,%22ajax_pagination_border_color%22,%22ajax_pagination_bg_color%22%93,%22gcid-3aba9e9f-6e51-43ca-9462-92f1174ccd87%22:%91%22category_color%22,%22filterable_category_background_color%22,%22background_color%22%93}&#8221; filterable_category_background_enable_color_tablet=&#8221;on&#8221; load_more_text=&#8221;Visa fler&#8221; show_less_text=&#8221;Visa mindre&#8221; sticky_enabled=&#8221;0&#8243;][\/et_pb_blog_extras][\/et_pb_column][\/et_pb_row][\/et_pb_section][et_pb_section fb_built=&#8221;1&#8243; _builder_version=&#8221;4.16&#8243; _module_preset=&#8221;default&#8221; background_image=&#8221;https:\/\/wexer.se\/wp-content\/uploads\/2021\/04\/beyond-standard.jpg&#8221; custom_margin=&#8221;||||false|false&#8221; custom_padding=&#8221;70px||70px||true|false&#8221; global_colors_info=&#8221;{}&#8221;][et_pb_row _builder_version=&#8221;4.16&#8243; _module_preset=&#8221;default&#8221; custom_margin=&#8221;|auto|8px|auto||&#8221; custom_padding=&#8221;||24px|||&#8221; global_colors_info=&#8221;{}&#8221;][et_pb_column type=&#8221;4_4&#8243; _builder_version=&#8221;4.16&#8243; _module_preset=&#8221;default&#8221; global_colors_info=&#8221;{}&#8221;][et_pb_image src=&#8221;https:\/\/wexer.se\/wp-content\/uploads\/2021\/04\/wexer_symbol_white.svg&#8221; title_text=&#8221;wexer_symbol_white&#8221; align=&#8221;center&#8221; _builder_version=&#8221;4.16&#8243; _module_preset=&#8221;default&#8221; width=&#8221;7%&#8221; width_tablet=&#8221;18%&#8221; width_phone=&#8221;23%&#8221; width_last_edited=&#8221;on|phone&#8221; global_colors_info=&#8221;{}&#8221;][\/et_pb_image][\/et_pb_column][\/et_pb_row][et_pb_row _builder_version=&#8221;4.16&#8243; _module_preset=&#8221;default&#8221; custom_margin=&#8221;|auto|10px|auto||&#8221; custom_padding=&#8221;4px||2px|||&#8221; global_colors_info=&#8221;{}&#8221;][et_pb_column type=&#8221;4_4&#8243; _builder_version=&#8221;4.16&#8243; _module_preset=&#8221;default&#8221; global_colors_info=&#8221;{}&#8221;][et_pb_text _builder_version=&#8221;4.16&#8243; _module_preset=&#8221;default&#8221; text_text_color=&#8221;#FFFFFF&#8221; header_2_font=&#8221;HK Grotesk Medium||||||||&#8221; header_2_font_size=&#8221;39px&#8221; text_orientation=&#8221;center&#8221; global_colors_info=&#8221;{%22gcid-06b2a720-596c-4203-a90f-845fae658512%22:%91%93}&#8221;]<\/p>\n<h2><nobr>Beyond<\/nobr> <nobr>standard.<\/nobr><\/h2>\n<p>[\/et_pb_text][\/et_pb_column][\/et_pb_row][et_pb_row _builder_version=&#8221;4.16&#8243; _module_preset=&#8221;default&#8221; custom_padding=&#8221;8px|||||&#8221; global_colors_info=&#8221;{}&#8221;][et_pb_column type=&#8221;4_4&#8243; _builder_version=&#8221;4.16&#8243; _module_preset=&#8221;default&#8221; global_colors_info=&#8221;{}&#8221;][et_pb_text _builder_version=&#8221;4.16&#8243; _module_preset=&#8221;default&#8221; text_text_color=&#8221;#FFFFFF&#8221; text_font_size=&#8221;16px&#8221; text_orientation=&#8221;center&#8221; max_width=&#8221;600px&#8221; module_alignment=&#8221;center&#8221; global_colors_info=&#8221;{%22gcid-06b2a720-596c-4203-a90f-845fae658512%22:%91%93}&#8221;]<\/p>\n<p>Wexer \u00e4r inte f\u00f6retaget som n\u00f6jer sig med standard. F\u00f6r vi ser det unika i v\u00e5ra kunders tj\u00e4nster och produkter. Som IT-partner vill vi vara en del av v\u00e5ra kunders l\u00e5ngsiktiga utveckling och bygga de l\u00f6sningar som ger dig flest m\u00f6jligheter att ta din aff\u00e4r till n\u00e4sta niv\u00e5.<\/p>\n<p>[\/et_pb_text][et_pb_social_media_follow use_icon_font_size=&#8221;on&#8221; icon_font_size=&#8221;19px&#8221; _builder_version=&#8221;4.16&#8243; custom_button=&#8221;on&#8221; button_letter_spacing=&#8221;0px&#8221; button_font=&#8221;Montserrat|300|||||||&#8221; text_orientation=&#8221;center&#8221; background_layout=&#8221;dark&#8221; global_colors_info=&#8221;{}&#8221;][et_pb_social_media_follow_network social_network=&#8221;facebook&#8221; url=&#8221;https:\/\/www.facebook.com\/wexerab&#8221; _builder_version=&#8221;4.16&#8243; background_color=&#8221;#30c690&#8243; background_enable_color=&#8221;on&#8221; custom_margin=&#8221;|||&#8221; custom_padding=&#8221;6px|6px|6px|6px&#8221; global_colors_info=&#8221;{}&#8221; follow_button=&#8221;off&#8221; url_new_window=&#8221;on&#8221;]facebook[\/et_pb_social_media_follow_network][et_pb_social_media_follow_network social_network=&#8221;linkedin&#8221; url=&#8221;https:\/\/www.linkedin.com\/company\/wexer\/&#8221; _builder_version=&#8221;4.16&#8243; background_color=&#8221;#30c690&#8243; background_enable_color=&#8221;on&#8221; custom_button=&#8221;on&#8221; button_text_size=&#8221;1px&#8221; button_border_width=&#8221;8px&#8221; button_letter_spacing=&#8221;0px&#8221; button_font=&#8221;Montserrat|100|||||||&#8221; custom_margin=&#8221;|||&#8221; custom_padding=&#8221;6px|6px|6px|6px&#8221; global_colors_info=&#8221;{}&#8221; follow_button=&#8221;off&#8221; url_new_window=&#8221;on&#8221;]linkedin[\/et_pb_social_media_follow_network][\/et_pb_social_media_follow][\/et_pb_column][\/et_pb_row][\/et_pb_section]<\/p>\n","protected":false},"excerpt":{"rendered":"<p>Aktuellt. Ta del av v\u00e5ra senaste nyheter! F\u00f6lj oss och se vad som \u00e4r aktuellt.Beyond standard.Wexer \u00e4r inte f\u00f6retaget som n\u00f6jer sig med standard. F\u00f6r vi ser det unika i v\u00e5ra kunders tj\u00e4nster och produkter. Som IT-partner vill vi vara en del av v\u00e5ra kunders l\u00e5ngsiktiga utveckling och bygga de l\u00f6sningar som ger dig flest [&hellip;]<\/p>\n","protected":false},"author":7,"featured_media":0,"parent":0,"menu_order":0,"comment_status":"closed","ping_status":"closed","template":"","meta":{"_et_pb_use_builder":"on","_et_pb_old_content":"<!-- wp:image {\"id\":27,\"sizeSlug\":\"large\"} -->\r\n<figure class=\"wp-block-image size-large\"><img src=\"https:\/\/wexer.se\/wp-content\/uploads\/2020\/06\/Haki-1024x704.jpg\" alt=\"\" class=\"wp-image-27\"\/><\/figure>\r\n<!-- \/wp:image -->\r\n\r\n<!-- wp:image {\"id\":12,\"sizeSlug\":\"large\"} -->\r\n<figure class=\"wp-block-image size-large\"><img src=\"https:\/\/wexer.se\/wp-content\/uploads\/2020\/06\/Weland-konf-1024x704.jpg\" alt=\"\" class=\"wp-image-12\"\/><\/figure>\r\n<!-- \/wp:image -->\r\n\r\n<!-- wp:gallery {\"ids\":[27,12]} -->\r\n<figure class=\"wp-block-gallery columns-2 is-cropped\"><ul class=\"blocks-gallery-grid\"><li class=\"blocks-gallery-item\"><figure><img src=\"https:\/\/wexer.se\/wp-content\/uploads\/2020\/06\/Haki-1024x704.jpg\" alt=\"\" data-id=\"27\" data-full-url=\"https:\/\/wexer.se\/wp-content\/uploads\/2020\/06\/Haki.jpg\" data-link=\"https:\/\/wexer.se\/?attachment_id=27\" class=\"wp-image-27\"\/><figcaption class=\"blocks-gallery-item__caption\">HAKI<\/figcaption><\/figure><\/li><li class=\"blocks-gallery-item\"><figure><img src=\"https:\/\/wexer.se\/wp-content\/uploads\/2020\/06\/Weland-konf-1024x704.jpg\" alt=\"\" data-id=\"12\" data-full-url=\"https:\/\/wexer.se\/wp-content\/uploads\/2020\/06\/Weland-konf.jpg\" data-link=\"https:\/\/wexer.se\/?attachment_id=12\" class=\"wp-image-12\"\/><figcaption class=\"blocks-gallery-item__caption\">Weland Solutions<\/figcaption><\/figure><\/li><\/ul><\/figure>\r\n<!-- \/wp:gallery -->","_et_gb_content_width":"","inline_featured_image":false,"footnotes":""},"class_list":["post-26","page","type-page","status-publish","hentry"],"yoast_head":"<!-- This site is optimized with the Yoast SEO plugin v27.5 - https:\/\/yoast.com\/product\/yoast-seo-wordpress\/ -->\n<title>Ta del av v\u00e5ra senaste nyheter! F\u00f6lj oss och se vad som \u00e4r aktuellt.<\/title>\n<meta name=\"description\" content=\"Ta del av v\u00e5ra senaste nyheter! F\u00f6lj oss och se vad som \u00e4r aktuellt.\" \/>\n<meta name=\"robots\" content=\"index, follow, max-snippet:-1, max-image-preview:large, max-video-preview:-1\" \/>\n<link rel=\"canonical\" href=\"https:\/\/wexer.se\/en\/current\/\" \/>\n<meta property=\"og:locale\" content=\"en_GB\" \/>\n<meta property=\"og:type\" content=\"article\" \/>\n<meta property=\"og:title\" content=\"Ta del av v\u00e5ra senaste nyheter! F\u00f6lj oss och se vad som \u00e4r aktuellt.\" \/>\n<meta property=\"og:description\" content=\"Ta del av v\u00e5ra senaste nyheter! F\u00f6lj oss och se vad som \u00e4r aktuellt.\" \/>\n<meta property=\"og:url\" content=\"https:\/\/wexer.se\/en\/current\/\" \/>\n<meta property=\"og:site_name\" content=\"Wexer\" \/>\n<meta property=\"article:publisher\" content=\"https:\/\/www.facebook.com\/wexerab\" \/>\n<meta property=\"article:modified_time\" content=\"2026-05-13T06:53:35+00:00\" \/>\n<meta property=\"og:image\" content=\"https:\/\/wexer.se\/wp-content\/uploads\/2021\/09\/Wexer_logo_pay_off-200x200-1.png\" \/>\n\t<meta property=\"og:image:width\" content=\"200\" \/>\n\t<meta property=\"og:image:height\" content=\"200\" \/>\n\t<meta property=\"og:image:type\" content=\"image\/png\" \/>\n<meta name=\"twitter:card\" content=\"summary_large_image\" \/>\n<meta name=\"twitter:label1\" content=\"Estimated reading time\" \/>\n\t<meta name=\"twitter:data1\" content=\"2 minutes\" \/>\n<script type=\"application\/ld+json\" class=\"yoast-schema-graph\">{\"@context\":\"https:\\\/\\\/schema.org\",\"@graph\":[{\"@type\":[\"WebPage\",\"CollectionPage\"],\"@id\":\"https:\\\/\\\/wexer.se\\\/aktuellt\\\/\",\"url\":\"https:\\\/\\\/wexer.se\\\/aktuellt\\\/\",\"name\":\"Ta del av v\u00e5ra senaste nyheter! F\u00f6lj oss och se vad som \u00e4r aktuellt.\",\"isPartOf\":{\"@id\":\"https:\\\/\\\/wexer.se\\\/#website\"},\"datePublished\":\"2020-06-10T12:16:45+00:00\",\"dateModified\":\"2026-05-13T06:53:35+00:00\",\"description\":\"Ta del av v\u00e5ra senaste nyheter! F\u00f6lj oss och se vad som \u00e4r aktuellt.\",\"breadcrumb\":{\"@id\":\"https:\\\/\\\/wexer.se\\\/aktuellt\\\/#breadcrumb\"},\"inLanguage\":\"en-GB\"},{\"@type\":\"BreadcrumbList\",\"@id\":\"https:\\\/\\\/wexer.se\\\/aktuellt\\\/#breadcrumb\",\"itemListElement\":[{\"@type\":\"ListItem\",\"position\":1,\"name\":\"Hem\",\"item\":\"https:\\\/\\\/wexer.se\\\/\"},{\"@type\":\"ListItem\",\"position\":2,\"name\":\"Aktuellt\"}]},{\"@type\":\"WebSite\",\"@id\":\"https:\\\/\\\/wexer.se\\\/#website\",\"url\":\"https:\\\/\\\/wexer.se\\\/\",\"name\":\"Wexer\",\"description\":\"Beyond standard.\",\"publisher\":{\"@id\":\"https:\\\/\\\/wexer.se\\\/#organization\"},\"potentialAction\":[{\"@type\":\"SearchAction\",\"target\":{\"@type\":\"EntryPoint\",\"urlTemplate\":\"https:\\\/\\\/wexer.se\\\/?s={search_term_string}\"},\"query-input\":{\"@type\":\"PropertyValueSpecification\",\"valueRequired\":true,\"valueName\":\"search_term_string\"}}],\"inLanguage\":\"en-GB\"},{\"@type\":\"Organization\",\"@id\":\"https:\\\/\\\/wexer.se\\\/#organization\",\"name\":\"Wexer AB\",\"url\":\"https:\\\/\\\/wexer.se\\\/\",\"logo\":{\"@type\":\"ImageObject\",\"inLanguage\":\"en-GB\",\"@id\":\"https:\\\/\\\/wexer.se\\\/#\\\/schema\\\/logo\\\/image\\\/\",\"url\":\"https:\\\/\\\/wexer.se\\\/wp-content\\\/uploads\\\/2021\\\/04\\\/wexer_logo.svg\",\"contentUrl\":\"https:\\\/\\\/wexer.se\\\/wp-content\\\/uploads\\\/2021\\\/04\\\/wexer_logo.svg\",\"width\":250,\"height\":43,\"caption\":\"Wexer AB\"},\"image\":{\"@id\":\"https:\\\/\\\/wexer.se\\\/#\\\/schema\\\/logo\\\/image\\\/\"},\"sameAs\":[\"https:\\\/\\\/www.facebook.com\\\/wexerab\",\"https:\\\/\\\/www.instagram.com\\\/wexer_ab\\\/\",\"https:\\\/\\\/www.linkedin.com\\\/company\\\/wexer\\\/\"]}]}<\/script>\n<!-- \/ Yoast SEO plugin. -->","yoast_head_json":{"title":"Get our latest news! Follow us and see what's new.","description":"Get our latest news! Follow us and see what's new.","robots":{"index":"index","follow":"follow","max-snippet":"max-snippet:-1","max-image-preview":"max-image-preview:large","max-video-preview":"max-video-preview:-1"},"canonical":"https:\/\/wexer.se\/en\/current\/","og_locale":"en_GB","og_type":"article","og_title":"Ta del av v\u00e5ra senaste nyheter! F\u00f6lj oss och se vad som \u00e4r aktuellt.","og_description":"Ta del av v\u00e5ra senaste nyheter! F\u00f6lj oss och se vad som \u00e4r aktuellt.","og_url":"https:\/\/wexer.se\/en\/current\/","og_site_name":"Wexer","article_publisher":"https:\/\/www.facebook.com\/wexerab","article_modified_time":"2026-05-13T06:53:35+00:00","og_image":[{"width":200,"height":200,"url":"https:\/\/wexer.se\/wp-content\/uploads\/2021\/09\/Wexer_logo_pay_off-200x200-1.png","type":"image\/png"}],"twitter_card":"summary_large_image","twitter_misc":{"Estimated reading time":"2 minutes"},"schema":{"@context":"https:\/\/schema.org","@graph":[{"@type":["WebPage","CollectionPage"],"@id":"https:\/\/wexer.se\/aktuellt\/","url":"https:\/\/wexer.se\/aktuellt\/","name":"Get our latest news! Follow us and see what's new.","isPartOf":{"@id":"https:\/\/wexer.se\/#website"},"datePublished":"2020-06-10T12:16:45+00:00","dateModified":"2026-05-13T06:53:35+00:00","description":"Get our latest news! Follow us and see what's new.","breadcrumb":{"@id":"https:\/\/wexer.se\/aktuellt\/#breadcrumb"},"inLanguage":"en-GB"},{"@type":"BreadcrumbList","@id":"https:\/\/wexer.se\/aktuellt\/#breadcrumb","itemListElement":[{"@type":"ListItem","position":1,"name":"Hem","item":"https:\/\/wexer.se\/"},{"@type":"ListItem","position":2,"name":"Aktuellt"}]},{"@type":"WebSite","@id":"https:\/\/wexer.se\/#website","url":"https:\/\/wexer.se\/","name":"Wexer","description":"Beyond standard.","publisher":{"@id":"https:\/\/wexer.se\/#organization"},"potentialAction":[{"@type":"SearchAction","target":{"@type":"EntryPoint","urlTemplate":"https:\/\/wexer.se\/?s={search_term_string}"},"query-input":{"@type":"PropertyValueSpecification","valueRequired":true,"valueName":"search_term_string"}}],"inLanguage":"en-GB"},{"@type":"Organization","@id":"https:\/\/wexer.se\/#organization","name":"Wexer AB","url":"https:\/\/wexer.se\/","logo":{"@type":"ImageObject","inLanguage":"en-GB","@id":"https:\/\/wexer.se\/#\/schema\/logo\/image\/","url":"https:\/\/wexer.se\/wp-content\/uploads\/2021\/04\/wexer_logo.svg","contentUrl":"https:\/\/wexer.se\/wp-content\/uploads\/2021\/04\/wexer_logo.svg","width":250,"height":43,"caption":"Wexer AB"},"image":{"@id":"https:\/\/wexer.se\/#\/schema\/logo\/image\/"},"sameAs":["https:\/\/www.facebook.com\/wexerab","https:\/\/www.instagram.com\/wexer_ab\/","https:\/\/www.linkedin.com\/company\/wexer\/"]}]}},"_links":{"self":[{"href":"https:\/\/wexer.se\/en\/wp-json\/wp\/v2\/pages\/26","targetHints":{"allow":["GET"]}}],"collection":[{"href":"https:\/\/wexer.se\/en\/wp-json\/wp\/v2\/pages"}],"about":[{"href":"https:\/\/wexer.se\/en\/wp-json\/wp\/v2\/types\/page"}],"author":[{"embeddable":true,"href":"https:\/\/wexer.se\/en\/wp-json\/wp\/v2\/users\/7"}],"replies":[{"embeddable":true,"href":"https:\/\/wexer.se\/en\/wp-json\/wp\/v2\/comments?post=26"}],"version-history":[{"count":58,"href":"https:\/\/wexer.se\/en\/wp-json\/wp\/v2\/pages\/26\/revisions"}],"predecessor-version":[{"id":16257,"href":"https:\/\/wexer.se\/en\/wp-json\/wp\/v2\/pages\/26\/revisions\/16257"}],"wp:attachment":[{"href":"https:\/\/wexer.se\/en\/wp-json\/wp\/v2\/media?parent=26"}],"curies":[{"name":"wp","href":"https:\/\/api.w.org\/{rel}","templated":true}]}}